{"id":290,"date":"2020-03-12T03:37:22","date_gmt":"2020-03-12T03:37:22","guid":{"rendered":"https:\/\/esteban.visualcon.net\/sitio\/?page_id=290"},"modified":"2023-07-19T01:02:52","modified_gmt":"2023-07-19T01:02:52","slug":"sobre-mi","status":"publish","type":"page","link":"https:\/\/esteban.visualcon.net\/sitio\/sobre-mi\/","title":{"rendered":"Sobre mi"},"content":{"rendered":"<p><a href=\"https:\/\/esteban.visualcon.net\/sitio\/wp-content\/uploads\/2020\/03\/Sobre-mi-scaled.jpg\"><img loading=\"lazy\" decoding=\"async\" data-attachment-id=\"758\" data-permalink=\"https:\/\/esteban.visualcon.net\/sitio\/sobre-mi\/sobre-mi-2\/\" data-orig-file=\"https:\/\/esteban.visualcon.net\/sitio\/wp-content\/uploads\/2020\/03\/Sobre-mi-scaled.jpg\" data-orig-size=\"2560,1775\" data-comments-opened=\"1\" data-image-meta=\"{&quot;aperture&quot;:&quot;0&quot;,&quot;credit&quot;:&quot;&quot;,&quot;camera&quot;:&quot;&quot;,&quot;caption&quot;:&quot;&quot;,&quot;created_timestamp&quot;:&quot;0&quot;,&quot;copyright&quot;:&quot;&quot;,&quot;focal_length&quot;:&quot;0&quot;,&quot;iso&quot;:&quot;0&quot;,&quot;shutter_speed&quot;:&quot;0&quot;,&quot;title&quot;:&quot;&quot;,&quot;orientation&quot;:&quot;0&quot;}\" data-image-title=\"Sobre mi\" data-image-description=\"\" data-image-caption=\"\" data-medium-file=\"https:\/\/esteban.visualcon.net\/sitio\/wp-content\/uploads\/2020\/03\/Sobre-mi-300x208.jpg\" data-large-file=\"https:\/\/esteban.visualcon.net\/sitio\/wp-content\/uploads\/2020\/03\/Sobre-mi-1024x710.jpg\" class=\"wp-image-758 alignleft\" src=\"https:\/\/esteban.visualcon.net\/sitio\/wp-content\/uploads\/2020\/03\/Sobre-mi-scaled.jpg\" alt=\"\" width=\"349\" height=\"242\" srcset=\"https:\/\/esteban.visualcon.net\/sitio\/wp-content\/uploads\/2020\/03\/Sobre-mi-scaled.jpg 2560w, https:\/\/esteban.visualcon.net\/sitio\/wp-content\/uploads\/2020\/03\/Sobre-mi-300x208.jpg 300w, https:\/\/esteban.visualcon.net\/sitio\/wp-content\/uploads\/2020\/03\/Sobre-mi-1024x710.jpg 1024w, https:\/\/esteban.visualcon.net\/sitio\/wp-content\/uploads\/2020\/03\/Sobre-mi-768x532.jpg 768w, https:\/\/esteban.visualcon.net\/sitio\/wp-content\/uploads\/2020\/03\/Sobre-mi-1536x1065.jpg 1536w, https:\/\/esteban.visualcon.net\/sitio\/wp-content\/uploads\/2020\/03\/Sobre-mi-2048x1420.jpg 2048w\" sizes=\"auto, (max-width: 349px) 100vw, 349px\" \/><\/a><\/p>\n\n\n<p>\u00a0Soy periodista, fot\u00f3grafo y\u00a0 editor audiovisual. Esencialmente soy un contador de historias.\u00a0\u00a0 Tiendo a explorar diferentes formas de comunicaci\u00f3n , escrita, digital y audiovisual. En estos \u00faltimos a\u00f1os me ha interesado la integraci\u00f3n de las\u00a0 varias formas con la comunicaci\u00f3n visual. Ver m\u00e1s en mi <a href=\"https:\/\/esteban.visualcon.net\/sitio\/curriculum\/\" target=\"_blank\" rel=\"noopener\">perfil profesional<\/a><\/p>\n<p>\u00a0<\/p>\n","protected":false},"excerpt":{"rendered":"<p>\u00a0Soy periodista, fot\u00f3grafo y\u00a0 editor audiovisual. Esencialmente soy un contador de historias.\u00a0\u00a0 Tiendo a explorar [&hellip;]<\/p>\n","protected":false},"author":1,"featured_media":0,"parent":0,"menu_order":0,"comment_status":"closed","ping_status":"closed","template":"","meta":{"inline_featured_image":false,"jetpack_post_was_ever_published":false,"footnotes":""},"class_list":["post-290","page","type-page","status-publish","hentry"],"jetpack_sharing_enabled":true,"jetpack_shortlink":"https:\/\/wp.me\/P9rKGY-4G","_links":{"self":[{"href":"https:\/\/esteban.visualcon.net\/sitio\/wp-json\/wp\/v2\/pages\/290","targetHints":{"allow":["GET"]}}],"collection":[{"href":"https:\/\/esteban.visualcon.net\/sitio\/wp-json\/wp\/v2\/pages"}],"about":[{"href":"https:\/\/esteban.visualcon.net\/sitio\/wp-json\/wp\/v2\/types\/page"}],"author":[{"embeddable":true,"href":"https:\/\/esteban.visualcon.net\/sitio\/wp-json\/wp\/v2\/users\/1"}],"replies":[{"embeddable":true,"href":"https:\/\/esteban.visualcon.net\/sitio\/wp-json\/wp\/v2\/comments?post=290"}],"version-history":[{"count":12,"href":"https:\/\/esteban.visualcon.net\/sitio\/wp-json\/wp\/v2\/pages\/290\/revisions"}],"predecessor-version":[{"id":1576,"href":"https:\/\/esteban.visualcon.net\/sitio\/wp-json\/wp\/v2\/pages\/290\/revisions\/1576"}],"wp:attachment":[{"href":"https:\/\/esteban.visualcon.net\/sitio\/wp-json\/wp\/v2\/media?parent=290"}],"curies":[{"name":"wp","href":"https:\/\/api.w.org\/{rel}","templated":true}]}}