{"id":1583,"date":"2023-10-12T16:28:44","date_gmt":"2023-10-12T16:28:44","guid":{"rendered":"https:\/\/esteban.visualcon.net\/sitio\/?page_id=1583"},"modified":"2023-10-12T18:51:38","modified_gmt":"2023-10-12T18:51:38","slug":"perfil-profesional","status":"publish","type":"page","link":"https:\/\/esteban.visualcon.net\/sitio\/perfil-profesional\/","title":{"rendered":"Perfil Profesional"},"content":{"rendered":"\n<p><span style=\"font-family: helvetica,arial,sans-serif; font-size: 14px;\">Profesional en comunicaci\u00f3n<b> <\/b>con amplia experiencia en el dise\u00f1o de estrategias, campa\u00f1as y pol\u00edticas de comunicaci\u00f3n para organizaciones; as\u00ed como en la conceptualizaci\u00f3n y elaboraci\u00f3n de contenidos de medios de comunicaci\u00f3n radiales, escritos y digitales. <\/span><\/p>\n\n\n\n<p><span style=\"font-size: 14px; font-family: helvetica,arial,sans-serif;\">Licenciado en Periodismo con \u00e9nfasis en producci\u00f3n de medios . T\u00e9cnico en Fotograf\u00eda Digital y&nbsp; editor audiovisual; con 6 a\u00f1os de experiencia en la divulgaci\u00f3n y visualizaci\u00f3n del conocimiento; tres a\u00f1os de experiencia en producci\u00f3n audiovisual y 10 a\u00f1os de experiencia en el desarrollo de sitios web con \u00e9nfasis en el concepto, perfil, montaje, actualizaci\u00f3n, personalizaci\u00f3n y utilizaci\u00f3n de Sistemas de Gesti\u00f3n de Contenidos (CMS por sus siglas en ingles).<\/span><br><\/p>\n\n\n\n<!--more-->\n\n\n<ul class=\"nav nav-tabs\" id=\"\"><li class=\"active\"><a href=\"#custom-tab-0-d303eabbdd7223cd61c80f6ec3210b9a\" data-toggle=\"tab\" >Principales Estudios<\/a><\/li><li><a href=\"#custom-tab-0-f5a8f5b771a8065ad9ffd300749b0a3a\" data-toggle=\"tab\" >Experiencia Profesional<\/a><\/li><li><a href=\"#custom-tab-0-db478bfd2f15b3e6d83534bcf45ce4e2\" data-toggle=\"tab\" >Ponencias, Articulos y Videos<\/a><\/li><li><a href=\"#custom-tab-0-89353d459116f5812a77c4556c2f60b8\" data-toggle=\"tab\" >Referencias<\/a><\/li><\/ul><div class=\"tab-content\">\n\n\n<div id=\"custom-tab-0-d303eabbdd7223cd61c80f6ec3210b9a\" class=\"tab-pane active\">\n<p style=\"padding-left: 30px;\"><div class=\"panel-group yourcustomclass\" id=\"oscitas-accordion-0\">        <div class=\"panel panel-default\">\n            <div class=\"panel-heading\">\n              <h4 class=\"panel-title\">\n                <a class=\"accordion-toggle collapsed\" data-toggle=\"collapse\"\n                data-parent=\"#oscitas-accordion-0\"\n                href=\"#details-0-0\">\n                <strong>Periodismo<\/strong>\n                <\/a>\n              <\/h4>\n            <\/div>\n            <div id=\"details-0-0\" class=\"panel-collapse collapse \">\n              <div class=\"panel-body\">\n<p class=\"western\" align=\"left\"><b>Licenciatura en Periodismo con \u00e9nfasis en producci\u00f3n de medios. <\/b>Escuela de Periodismo de la Universidad Latina de Costa Rica.<\/p>\n<p class=\"western\" align=\"left\"><b>Bachillerato en Periodismo<\/b>. Escuela de Periodismo de la Universidad Latina de Costa Rica.<\/p>\n<p style=\"padding-left: 30px;\"><\/div>\n            <\/div>\n        <\/div>        <div class=\"panel panel-default\">\n            <div class=\"panel-heading\">\n              <h4 class=\"panel-title\">\n                <a class=\"accordion-toggle collapsed\" data-toggle=\"collapse\"\n                data-parent=\"#oscitas-accordion-0\"\n                href=\"#details-0-1\">\n                <strong>Fotograf\u00eda<\/strong>\n                <\/a>\n              <\/h4>\n            <\/div>\n            <div id=\"details-0-1\" class=\"panel-collapse collapse \">\n              <div class=\"panel-body\">\n<p><strong>T\u00e9cnico en Fotografia Digital del<\/strong><b> Programa en Fotograf\u00eda Digital de la Fundaci\u00f3n del Instituto Tecnol\u00f3gico de Costa Rica. (<\/b>Fundatec).<\/p>\n<p><b>Fotograf\u00eda Digital 1 y 2 . <\/b>Universidad Nacional.<\/p>\n<\/div>\n            <\/div>\n        <\/div>        <div class=\"panel panel-default\">\n            <div class=\"panel-heading\">\n              <h4 class=\"panel-title\">\n                <a class=\"accordion-toggle collapsed\" data-toggle=\"collapse\"\n                data-parent=\"#oscitas-accordion-0\"\n                href=\"#details-0-2\">\n                <strong>Idiomas<\/strong>\n                <\/a>\n              <\/h4>\n            <\/div>\n            <div id=\"details-0-2\" class=\"panel-collapse collapse \">\n              <div class=\"panel-body\">\n<p><b>Curso de Ingl\u00e9s.<\/b> Centro Internacional de Idiomas CIDI.<\/p>\n<p style=\"padding-left: 30px;\"><\/div>\n            <\/div>\n        <\/div>        <div class=\"panel panel-default\">\n            <div class=\"panel-heading\">\n              <h4 class=\"panel-title\">\n                <a class=\"accordion-toggle collapsed\" data-toggle=\"collapse\"\n                data-parent=\"#oscitas-accordion-0\"\n                href=\"#details-0-3\">\n                <strong>Dise\u00f1o Web<\/strong>\n                <\/a>\n              <\/h4>\n            <\/div>\n            <div id=\"details-0-3\" class=\"panel-collapse collapse \">\n              <div class=\"panel-body\">\n<p><b>Curso: Joomla B\u00e1sico.<\/b> (Sistema de Gesti\u00f3n de Contenidos)<\/p>\n<p><b>Curso: Dise\u00f1o Web intermedio en Dreamwever MX y Fireworks MX.<\/b> Universidad Nacional<\/p>\n<p><strong>Taller Conociendo Drupal 8<\/strong> . Drupal Camp Universidad de Costa Rica.<\/p>\n<p style=\"padding-left: 30px;\"><\/div>\n            <\/div>\n        <\/div>        <div class=\"panel panel-default\">\n            <div class=\"panel-heading\">\n              <h4 class=\"panel-title\">\n                <a class=\"accordion-toggle collapsed\" data-toggle=\"collapse\"\n                data-parent=\"#oscitas-accordion-0\"\n                href=\"#details-0-4\">\n                <strong>Radio<\/strong>\n                <\/a>\n              <\/h4>\n            <\/div>\n            <div id=\"details-0-4\" class=\"panel-collapse collapse \">\n              <div class=\"panel-body\">\n<p><b>Curso: Lectura Interpretativa de Textos Radiof\u00f3nicos<\/b>. Instituto Nacional de Aprendizaje<\/p>\n<p class=\"western\" align=\"left\"><b>Curso: Montaje Radiof\u00f3nico especializado en el g\u00e9nero: Radio Revista<\/b>. Instituto Nacional de Aprendizaje.<\/p>\n<p><b>Curso Internacional: El periodista de radio y las nuevas tecnolog\u00edas en un mundo globalizado.\u00a0<\/b> Instituto Nacional de Aprendizaje<\/p>\n<p style=\"padding-left: 30px;\"><\/div>\n            <\/div>\n        <\/div>        <div class=\"panel panel-default\">\n            <div class=\"panel-heading\">\n              <h4 class=\"panel-title\">\n                <a class=\"accordion-toggle collapsed\" data-toggle=\"collapse\"\n                data-parent=\"#oscitas-accordion-0\"\n                href=\"#details-0-5\">\n                <strong>Producci\u00f3n Audiovisual<\/strong>\n                <\/a>\n              <\/h4>\n            <\/div>\n            <div id=\"details-0-5\" class=\"panel-collapse collapse \">\n              <div class=\"panel-body\">\n<p><b>Curso de Producci\u00f3n Audiovisual.<\/b> Universidad Nacional &#8211; Programa Identidad Cultural,Arte y Tecnolog\u00eda (ICAT).<\/p>\n<p style=\"padding-left: 30px;\"><\/div>\n            <\/div>\n        <\/div>        <div class=\"panel panel-default\">\n            <div class=\"panel-heading\">\n              <h4 class=\"panel-title\">\n                <a class=\"accordion-toggle collapsed\" data-toggle=\"collapse\"\n                data-parent=\"#oscitas-accordion-0\"\n                href=\"#details-0-6\">\n                <b>Otros estudios<\/b>\n                <\/a>\n              <\/h4>\n            <\/div>\n            <div id=\"details-0-6\" class=\"panel-collapse collapse \">\n              <div class=\"panel-body\">\n<p class=\"western\" align=\"left\"><b>Programa: Projoven: <\/b>Programa de Capacitaci\u00f3n para emprendedores y Pymes.<\/p>\n<p class=\"western\" align=\"left\"><b>Taller: Derechos Humanos, Perspectiva Nacional e Internacional. <\/b>Universidad Nacional- Escuela de Relaciones Internacionales.<\/p>\n<p class=\"western\" align=\"left\"><b>Curso: Word. <\/b>Fundaci\u00f3n Omar Dengo.<\/p>\n<p class=\"western\" align=\"left\"><b>Curso: Excel. <\/b>Fundaci\u00f3n Omar Dengo.<\/p>\n<p style=\"padding-left: 30px;\"><\/div>\n            <\/div>\n        <\/div>        <div class=\"panel panel-default\">\n            <div class=\"panel-heading\">\n              <h4 class=\"panel-title\">\n                <a class=\"accordion-toggle collapsed\" data-toggle=\"collapse\"\n                data-parent=\"#oscitas-accordion-0\"\n                href=\"#details-0-7\">\n                <b>Conocimientos en Software Libre:<\/b>\n                <\/a>\n              <\/h4>\n            <\/div>\n            <div id=\"details-0-7\" class=\"panel-collapse collapse \">\n              <div class=\"panel-body\">\n<p class=\"western\" align=\"left\"><b>Distros: Ubuntu, Fedora, <\/b>Opensuse.<\/p>\n<p class=\"western\" align=\"left\"><b>Edici\u00f3n de im\u00e1genes: <\/b>Gimp.<\/p>\n<p class=\"western\" align=\"left\"><b>Objetos Vectoriales: <\/b>Inkscape,<\/p>\n<p class=\"western\" align=\"left\"><b>Dise\u00f1o Gr\u00e1fico: <\/b>Scribus,<\/p>\n<p class=\"western\" align=\"left\"><b>Edici\u00f3n de video:<\/b>\u00a0 DaVinci Resolve, Kdenlive,<\/p>\n<p class=\"western\" align=\"left\"><b>Ofim\u00e1tica: <\/b>Libre Office.<\/p>\n<p class=\"western\" align=\"left\"><b>CMS: <\/b>WordPress y Joomla<\/p>\n<p style=\"padding-left: 30px;\"><\/div>\n            <\/div>\n        <\/div><\/div>\n<\/div>\n\n\n<div id=\"custom-tab-0-f5a8f5b771a8065ad9ffd300749b0a3a\" class=\"tab-pane\">\n<p>2020-2021<\/p>\n<p><b>Universidad de Costa Rica<\/b>, <b>Unidad de Comunicaci\u00f3n de la Vicerrector\u00eda de Acci\u00f3n de Social<\/b>. Elaboraci\u00f3n notas period\u00edsticas y videos para publicarlos en el portal de la Vicerrectoria de Acci\u00f3n Social<\/p>\n<p>2018-2021<\/p>\n<p><b>Universidad de Costa Rica<\/b>, <b>Unidad de Producci\u00f3n Audiovisual<\/b>. Edici\u00f3n de video, musicalizaci\u00f3n, dise\u00f1o gr\u00e1fico, elaboraci\u00f3n de guiones y participaci\u00f3n en la prepoducci\u00f3n de videos.<\/p>\n<p class=\"western\"><b>2013- 2018<\/b><\/p>\n<p class=\"western\"><b>Universidad de Costa Rica, Centro de Investigaci\u00f3n en Contaminaci\u00f3n Ambiental (CICA)<\/b>.Desarrollo de estrategias de comunicaci\u00f3n. Conceptualizaci\u00f3n y elaboraci\u00f3n del sitio web del centro. Documentaci\u00f3n y divulgaci\u00f3n cient\u00edfica.<\/p>\n<p class=\"western\"><b>2010 \u2013 2013<\/b><\/p>\n<p class=\"western\" align=\"left\"><b>Universidad de Costa Rica<\/b>, <b>Unidad de Producci\u00f3n Audiovisual<\/b>. Edici\u00f3n de video, musicalizaci\u00f3n, dise\u00f1o gr\u00e1fico, elaboraci\u00f3n de guiones y participaci\u00f3n en la prepoducci\u00f3n de videos.<\/p>\n<p class=\"western\"><b>2009 -2010<\/b><\/p>\n<p class=\"western\" align=\"left\"><b>Ditsomedia. <\/b>Asesor\u00edas en comunicaci\u00f3n.<\/p>\n<p class=\"western\"><b>2008 \u2013 2009 <\/b><\/p>\n<p class=\"western\" align=\"left\"><b>Explonave S.A.<\/b> Asesor\u00eda en Comunicaci\u00f3n y asistencia en la atenci\u00f3n de grupos de estudiantes.<\/p>\n<p class=\"western\"><b>2006 \u2013 2007<\/b><\/p>\n<p class=\"western\" align=\"left\"><b>Asociaci\u00f3n Servicios de Promoci\u00f3n Laboral (ASEPROLA).<\/b><\/p>\n<p class=\"western\" align=\"left\">Responsable de la comunicaci\u00f3n institucional y actualizaci\u00f3n de las p\u00e1ginas web de la<\/p>\n<p class=\"western\" align=\"left\">organizaci\u00f3n (http:\/\/www.aseprola.org) y de la Campa\u00f1a Regional contra la Flexibilidad<\/p>\n<p class=\"western\" align=\"left\">Laboral (http:\/\/www.laboralred.net).<\/p>\n<p class=\"western\"><b>2004 \u2013 2007<\/b><\/p>\n<p class=\"western\" align=\"left\"><b>Coordinadora Latinoamericana de Sindicatos Bananeros. COLSIBA. <\/b>Encargado de la comunicaci\u00f3n de la organizaci\u00f3n y el dise\u00f1o, actualizaci\u00f3n de la p\u00e1gina web. As\u00ed como de la actualizaci\u00f3n de II Conferencia Internacional Bananera.<\/p>\n<p class=\"western\" align=\"left\"><b>Programa Radiof\u00f3nico:<\/b><i><b> <\/b><\/i><b>Hacia un nuevo pa\u00eds<\/b><i><b>.<\/b><\/i> Encargado<i><b> <\/b><\/i>de la secci\u00f3n cultural.<\/p>\n<p class=\"western\"><b>2003<\/b><\/p>\n<p class=\"western\" align=\"left\"><b>Peri\u00f3dico: <\/b><b>El Domingue\u00f1o:<\/b> Peri\u00f3dico Local para el Cant\u00f3n de Heredia y Santo Domingo<\/p>\n<p class=\"western\" align=\"left\">de Heredia. Elaboraci\u00f3n de art\u00edculos y entrevistas.<\/p>\n<p class=\"western\" align=\"left\"><b>Empresa: <\/b><b>Explonave. <\/b>Dise\u00f1o y mantenimiento de P\u00e1gina Web de la empresa.<\/p>\n<p class=\"western\"><b>2002<\/b><\/p>\n<p class=\"western\"><b>Panel la Programaci\u00f3n Radiof\u00f3nica que vende,\u00bfque vende?, \u00bfvende? <\/b>Realizado en la Universidad Latina de Costa Rica. Realic\u00e9 el video: Los verbos de la radio yform\u00e9 parte del equipo de investigaci\u00f3n del panel.<\/p>\n<p class=\"western\"><b>2001<\/b><\/p>\n<p class=\"western\"><b>Sistema Nacional de Radios y Televisi\u00f3n Cultural (SINART)<\/b>.Periodista de Radio<\/p>\n<p class=\"western\">Nacional, pr\u00e1ctica de reportero.<\/p>\n<p class=\"western\"><b>1997<\/b><\/p>\n<p class=\"western\"><b>FUDEU<\/b>. Equipo de apoyo en informaci\u00f3n para el \u201cPlan Maestro para el Desarrollo Urbano Sostenible de los Territorios Noreste y Sur del Anillo de Contenci\u00f3n de la GAM\u201d<\/p>\n<\/div>\n\n\n\n<div id=\"custom-tab-0-db478bfd2f15b3e6d83534bcf45ce4e2\" class=\"tab-pane\">\n\n\n\n<p><a href=\"http:\/\/investiga.uned.ac.cr\/simposiopcstcr\/wp-content\/uploads\/sites\/22\/2015\/11\/Memoria-Texto-Copia.pdf\">La Comunicaci\u00f3n se abre espacio en la Investigaci\u00f3n Nuclear.<\/a> Ponencia presentada en El <a href=\"http:\/\/investiga.uned.ac.cr\/simposiopcstcr\/es\/sobre-el-simposio\/\" target=\"_blank\" rel=\"noopener\">Simposio PCST Costa Rica \u201cComunicaci\u00f3n cient\u00edfica como profesi\u00f3n: Formaci\u00f3n, responsabilidades y roles\u201d<\/a>,&nbsp; del 28 al 30 de setiembre del 2016, en San Jos\u00e9, Costa Rica.<\/p>\n<h3 class=\"western\"><a href=\"https:\/\/upa.ucr.ac.cr\/listado-de-videos\/216\/\" target=\"_blank\" rel=\"noopener\">Coro<\/a><\/h3>\n<p>La celebraci\u00f3n del 30 aniversario del Coro de Adulto Mayor crea la oportunidad para que sus miembros nos cuenten que valor tiene, para ellos, participar en este proyecto del Programa Institucional de la Persona Adulta y Adulta Mayor &#8211; PIAM<\/p>\n<h3 class=\"western\"><a href=\"https:\/\/upa.ucr.ac.cr\/listado-de-videos\/215\/\" target=\"_blank\" rel=\"noopener\">Diversos como todos<\/a><\/h3>\n<p>La marcha de la diversidad realizada el 18 de mayo de 2018, en San Jos\u00e9 de Costa Rica, ha contado con la participaci\u00f3n de la Universidad de Costa Rica, con una intervenci\u00f3n art\u00edstica de Danza Universitaria.<\/p>\n<h3 class=\"western\"><a href=\"https:\/\/upa.ucr.ac.cr\/listado-de-videos\/205\/\">Tierra Sana Gente Sana<\/a><\/h3>\n<p>El proyecto del Centro de Investigaci\u00f3n en Contaminaci\u00f3n Ambiental propone &#8211; con t\u00e9cnicas participativas de comunicaci\u00f3n &#8211; a los campesinos de Pacaya de Cartago, formas de control de plagas menos peligrosas y m\u00e1s econ\u00f3micas.<\/p>\n\n\n<\/div><div id=\"custom-tab-0-89353d459116f5812a77c4556c2f60b8\" class=\"tab-pane\">\n<p align=\"left\"><strong>Giuseppi Cirotti.<\/strong> Coordinador de la Unidad de Producci\u00f3n Audiovisual de la Vicerrector\u00eda de Acci\u00f3n Social de la Universidad de Costa Rica.\u00a0Tel:2511 3668<\/p>\n<p class=\"western\" align=\"left\"><b>Albert Torres:<\/b> Ingeniero Top\u00f3grafo. Empresa Explonave. Tel: 22977990<\/p>\n<p class=\"western\" align=\"left\"><b>Roberto Rom\u00e1n:<\/b> Jefe del Departamento de producci\u00f3n audiovisual de la Universidad Estatal a Distanc\u00eda (UNED). Tel 2527-2000 ext. 2218<\/p>\n<p class=\"western\" align=\"left\"><b>Leonardo Roque: <\/b>Profesor de Producci\u00f3n Audiovisual Universidad San Judas Tadeo. Tel 8369 2427.<\/p>\n<\/div>\n<\/div>\n<p><span style=\"font-family: helvetica,arial,sans-serif; font-size: 14px;\">\u00a0<\/span><\/p>\n<p align=\"left\">\u00a0<\/p>","protected":false},"excerpt":{"rendered":"<p>Profesional en comunicaci\u00f3n con amplia experiencia en el dise\u00f1o de estrategias, campa\u00f1as y pol\u00edticas de [&hellip;]<\/p>\n","protected":false},"author":1,"featured_media":0,"parent":0,"menu_order":0,"comment_status":"closed","ping_status":"closed","template":"","meta":{"inline_featured_image":false,"jetpack_post_was_ever_published":false,"footnotes":""},"class_list":["post-1583","page","type-page","status-publish","hentry"],"jetpack_sharing_enabled":true,"jetpack_shortlink":"https:\/\/wp.me\/P9rKGY-px","_links":{"self":[{"href":"https:\/\/esteban.visualcon.net\/sitio\/wp-json\/wp\/v2\/pages\/1583","targetHints":{"allow":["GET"]}}],"collection":[{"href":"https:\/\/esteban.visualcon.net\/sitio\/wp-json\/wp\/v2\/pages"}],"about":[{"href":"https:\/\/esteban.visualcon.net\/sitio\/wp-json\/wp\/v2\/types\/page"}],"author":[{"embeddable":true,"href":"https:\/\/esteban.visualcon.net\/sitio\/wp-json\/wp\/v2\/users\/1"}],"replies":[{"embeddable":true,"href":"https:\/\/esteban.visualcon.net\/sitio\/wp-json\/wp\/v2\/comments?post=1583"}],"version-history":[{"count":12,"href":"https:\/\/esteban.visualcon.net\/sitio\/wp-json\/wp\/v2\/pages\/1583\/revisions"}],"predecessor-version":[{"id":1624,"href":"https:\/\/esteban.visualcon.net\/sitio\/wp-json\/wp\/v2\/pages\/1583\/revisions\/1624"}],"wp:attachment":[{"href":"https:\/\/esteban.visualcon.net\/sitio\/wp-json\/wp\/v2\/media?parent=1583"}],"curies":[{"name":"wp","href":"https:\/\/api.w.org\/{rel}","templated":true}]}}